{"id":124,"date":"2022-10-25T16:08:41","date_gmt":"2022-10-25T16:08:41","guid":{"rendered":"https:\/\/psychotherapiepraxis-kreuzlingen.ch\/?page_id=124"},"modified":"2025-07-27T10:20:00","modified_gmt":"2025-07-27T10:20:00","slug":"psychotherapie","status":"publish","type":"page","link":"https:\/\/psychotherapiepraxis-kreuzlingen.ch\/?page_id=124","title":{"rendered":"Psychotherapie"},"content":{"rendered":"<p>[et_pb_section fb_built=&#8220;1&#8243; custom_padding_last_edited=&#8220;on|tablet&#8220; module_class=&#8220;section-2-ps-3&#8243; _builder_version=&#8220;4.18.0&#8243; _module_preset=&#8220;default&#8220; overflow-x=&#8220;hidden&#8220; overflow-y=&#8220;hidden&#8220; custom_margin=&#8220;0px||0px||false|false&#8220; custom_padding=&#8220;80px||0px||false|false&#8220; custom_padding_tablet=&#8220;120px||120px||false|false&#8220; custom_padding_phone=&#8220;90px||90px||false|false&#8220; locked=&#8220;off&#8220; global_colors_info=&#8220;{}&#8220;][et_pb_row column_structure=&#8220;2_3,1_3&#8243; use_custom_gutter=&#8220;on&#8220; gutter_width=&#8220;1&#8243; _builder_version=&#8220;4.18.0&#8243; _module_preset=&#8220;default&#8220; width=&#8220;90%&#8220; max_width=&#8220;1290px&#8220; custom_margin=&#8220;0px||0px||false|false&#8220; custom_padding=&#8220;0px||0px||false|false&#8220; global_colors_info=&#8220;{}&#8220;][et_pb_column type=&#8220;2_3&#8243; _builder_version=&#8220;4.18.0&#8243; _module_preset=&#8220;default&#8220; custom_padding=&#8220;|30px|||false|false&#8220; custom_padding_tablet=&#8220;|0px|||false|false&#8220; custom_padding_phone=&#8220;|0px|||false|false&#8220; custom_padding_last_edited=&#8220;on|tablet&#8220; global_colors_info=&#8220;{}&#8220;][et_pb_text _builder_version=&#8220;4.18.0&#8243; _module_preset=&#8220;default&#8220; header_3_font=&#8220;Manrope|800|||||||&#8220; header_3_text_align=&#8220;left&#8220; header_3_text_color=&#8220;#312b35&#8243; header_3_font_size=&#8220;14px&#8220; header_3_letter_spacing=&#8220;1.8px&#8220; custom_margin=&#8220;0px||8px||false|false&#8220; custom_margin_tablet=&#8220;0px||0px||false|false&#8220; custom_margin_phone=&#8220;0px||0px||false|false&#8220; custom_margin_last_edited=&#8220;off|desktop&#8220; custom_padding=&#8220;0px||0px||false|false&#8220; animation_direction=&#8220;bottom&#8220; global_colors_info=&#8220;{}&#8220;]<\/p>\n<h3>SILVIA POHL<\/h3>\n<p>[\/et_pb_text][et_pb_text _builder_version=&#8220;4.18.0&#8243; _module_preset=&#8220;default&#8220; header_2_font=&#8220;Jost|600|||||||&#8220; header_2_text_align=&#8220;left&#8220; header_2_text_color=&#8220;#312b35&#8243; header_2_font_size=&#8220;53px&#8220; header_2_letter_spacing=&#8220;-1px&#8220; header_2_line_height=&#8220;1.1em&#8220; max_width=&#8220;700px&#8220; custom_margin=&#8220;0px||31px||false|false&#8220; custom_padding=&#8220;0px|0px|0px||false|false&#8220; header_2_font_size_tablet=&#8220;53px&#8220; header_2_font_size_phone=&#8220;30px&#8220; header_2_font_size_last_edited=&#8220;on|phone&#8220; header_2_line_height_tablet=&#8220;1.1em&#8220; header_2_line_height_phone=&#8220;1.2em&#8220; header_2_line_height_last_edited=&#8220;on|phone&#8220; global_colors_info=&#8220;{}&#8220;]<\/p>\n<h2>Psychotherapie<\/h2>\n<p>[\/et_pb_text][\/et_pb_column][et_pb_column type=&#8220;1_3&#8243; _builder_version=&#8220;4.18.0&#8243; _module_preset=&#8220;default&#8220; custom_padding=&#8220;|||30px|false|false&#8220; custom_padding_tablet=&#8220;|||0px|false|false&#8220; custom_padding_phone=&#8220;|||0px|false|false&#8220; custom_padding_last_edited=&#8220;on|tablet&#8220; global_colors_info=&#8220;{}&#8220;][\/et_pb_column][\/et_pb_row][\/et_pb_section][et_pb_section fb_built=&#8220;1&#8243; _builder_version=&#8220;4.18.0&#8243; _module_preset=&#8220;default&#8220; custom_padding=&#8220;4px|||||&#8220; global_colors_info=&#8220;{}&#8220;][et_pb_row _builder_version=&#8220;4.18.0&#8243; _module_preset=&#8220;default&#8220; global_colors_info=&#8220;{}&#8220;][et_pb_column type=&#8220;4_4&#8243; _builder_version=&#8220;4.18.0&#8243; _module_preset=&#8220;default&#8220; global_colors_info=&#8220;{}&#8220;][et_pb_text _builder_version=&#8220;4.18.0&#8243; _module_preset=&#8220;default&#8220; global_colors_info=&#8220;{}&#8220;]<\/p>\n<p>Im Laufe seines Lebens kann jeder Mensch einmal an die Grenze seiner seelischen Belastbarkeit oder in psychische Krisen geraten. Depressionen, Angst- oder Belastungsst\u00f6rungen k\u00f6nnen die Folge sein. Gerade in schwierigen Lebens\u00adab\u00adschnitten ist es sinnvoll, Rat und Hilfe durch aussenstehende Personen in An\u00adspruch zu nehmen. Psychotherapie bietet Hilfe zur Selbsthilfe, damit Sie diese Krisen aus eigener Kraft bew\u00e4ltigen k\u00f6nnen.<\/p>\n<p><span>Gerne m\u00f6chte ich Sie mit meiner langj\u00e4hrigen klinischen Erfahrung als Psychotherapeutin darin unterst\u00fctzen, Ihr Gleichgewicht wieder zu finden und Ihr volles Potential zu entfalten. <\/span><\/p>\n<p>Als Systemische Psychotherapeutin richte ich &#8211; gemeinsam mit Ihnen &#8211; einen wertsch\u00e4tzenden Blick auf die Zusammenh\u00e4nge Ihrer Fragestellung. Wie k\u00f6nnen Problemmuster unterbrochen und L\u00f6sungsmuster (wieder) etabliert werden?\u00a0<\/p>\n<p>Um m\u00f6glichst flexibel und pragmatisch auf verschiedene Problemstellungen und Anliegen eingehen zu k\u00f6nnen, arbeite ich methoden\u00fcbergreifend und beziehe auch verhaltenstherapeutische, k\u00f6rpertherapeutische, schematherapeutische und trauma-therapeutische Methoden mit ein.<\/p>\n<p>[\/et_pb_text][\/et_pb_column][\/et_pb_row][\/et_pb_section][et_pb_section fb_built=&#8220;1&#8243; custom_padding_last_edited=&#8220;on|tablet&#8220; _builder_version=&#8220;4.18.0&#8243; _module_preset=&#8220;default&#8220; custom_margin=&#8220;0px||0px||false|false&#8220; custom_padding=&#8220;6px||199px||false|false&#8220; custom_padding_tablet=&#8220;120px||120px||false|false&#8220; custom_padding_phone=&#8220;90px||90px||false|false&#8220; locked=&#8220;off&#8220; global_colors_info=&#8220;{}&#8220;][et_pb_row _builder_version=&#8220;4.18.0&#8243; _module_preset=&#8220;default&#8220; width=&#8220;90%&#8220; max_width=&#8220;905px&#8220; custom_margin=&#8220;0px||0px||false|false&#8220; custom_padding=&#8220;0px||0px||false|false&#8220; global_colors_info=&#8220;{}&#8220;][et_pb_column type=&#8220;4_4&#8243; _builder_version=&#8220;4.18.0&#8243; _module_preset=&#8220;default&#8220; global_colors_info=&#8220;{}&#8220;][et_pb_image src=&#8220;https:\/\/psychotherapiepraxis-kreuzlingen.ch\/wp-content\/uploads\/2023\/01\/pfad.jpg&#8220; title_text=&#8220;pfad&#8220; align=&#8220;center&#8220; _builder_version=&#8220;4.19.5&#8243; _module_preset=&#8220;default&#8220; height=&#8220;280px&#8220; height_tablet=&#8220;103px&#8220; height_phone=&#8220;85px&#8220; height_last_edited=&#8220;on|phone&#8220; custom_margin=&#8220;0px||5px||false|false&#8220; custom_padding=&#8220;0px||0px||false|false&#8220; border_radii=&#8220;on|50%|50%|50%|50%&#8220; global_colors_info=&#8220;{}&#8220;][\/et_pb_image][et_pb_text _builder_version=&#8220;4.19.4&#8243; _module_preset=&#8220;default&#8220; text_font=&#8220;Manrope|600|||||||&#8220; text_text_color=&#8220;#312b35&#8243; text_font_size=&#8220;20px&#8220; text_line_height=&#8220;1.8em&#8220; text_orientation=&#8220;center&#8220; custom_margin=&#8220;0px||10px||false|false&#8220; custom_padding=&#8220;0px||0px||false|false&#8220; text_font_size_tablet=&#8220;20px&#8220; text_font_size_phone=&#8220;16px&#8220; text_font_size_last_edited=&#8220;on|phone&#8220; global_colors_info=&#8220;{}&#8220;][\/et_pb_text][et_pb_text _builder_version=&#8220;4.19.4&#8243; _module_preset=&#8220;default&#8220; text_font=&#8220;Manrope|600|||||||&#8220; text_text_color=&#8220;#312b35&#8243; text_font_size=&#8220;20px&#8220; text_line_height=&#8220;1.8em&#8220; text_orientation=&#8220;center&#8220; custom_margin=&#8220;0px||32px||false|false&#8220; custom_padding=&#8220;0px||0px||false|false&#8220; text_font_size_tablet=&#8220;20px&#8220; text_font_size_phone=&#8220;16px&#8220; text_font_size_last_edited=&#8220;on|phone&#8220; global_colors_info=&#8220;{}&#8220;]<\/p>\n<h2><span>\u201e<b>Auch der weiteste Weg beginnt mit dem ersten Schritt.<\/b>\u201d<\/span><\/h2>\n<p>[\/et_pb_text][et_pb_image src=&#8220;https:\/\/psychotherapiepraxis-kreuzlingen.ch\/wp-content\/uploads\/2022\/10\/psychologist-3-sd-4.png&#8220; align=&#8220;center&#8220; _builder_version=&#8220;4.18.0&#8243; _module_preset=&#8220;default&#8220; height=&#8220;28px&#8220; custom_margin=&#8220;0px||22px||false|false&#8220; custom_padding=&#8220;0px||0px||false|false&#8220; global_colors_info=&#8220;{}&#8220;][\/et_pb_image][et_pb_text _builder_version=&#8220;4.19.4&#8243; _module_preset=&#8220;default&#8220; text_font=&#8220;Jost|600|||||||&#8220; text_text_color=&#8220;#312b35&#8243; text_font_size=&#8220;18px&#8220; text_orientation=&#8220;center&#8220; custom_margin=&#8220;0px||11px||false|false&#8220; custom_padding=&#8220;0px||0px||false|false&#8220; global_colors_info=&#8220;{}&#8220;]<\/p>\n<h3>Laotse<\/h3>\n<p>[\/et_pb_text][et_pb_text _builder_version=&#8220;4.19.4&#8243; _module_preset=&#8220;default&#8220; text_font=&#8220;Manrope||||||||&#8220; text_text_color=&#8220;#6b6770&#8243; text_font_size=&#8220;15px&#8220; text_orientation=&#8220;center&#8220; custom_margin=&#8220;0px||0px||false|false&#8220; custom_padding=&#8220;0px||0px||false|false&#8220; global_colors_info=&#8220;{}&#8220;]<\/p>\n<h4><span>chinesischer Philosoph und Weisheitslehrer, 6. Jahrhundert v. Chr.<\/span><\/h4>\n<p>[\/et_pb_text][\/et_pb_column][\/et_pb_row][\/et_pb_section]<\/p>\n","protected":false},"excerpt":{"rendered":"<p>SILVIA POHLPsychotherapieIm Laufe seines Lebens kann jeder Mensch einmal an die Grenze seiner seelischen Belastbarkeit oder in psychische Krisen geraten. Depressionen, Angst- oder Belastungsst\u00f6rungen k\u00f6nnen die Folge sein. Gerade in schwierigen Lebens\u00adab\u00adschnitten ist es sinnvoll, Rat und Hilfe durch aussenstehende Personen in An\u00adspruch zu nehmen. Psychotherapie bietet Hilfe zur Selbsthilfe, damit Sie diese Krisen aus [&hellip;]<\/p>\n","protected":false},"author":1,"featured_media":0,"parent":0,"menu_order":0,"comment_status":"closed","ping_status":"closed","template":"","meta":{"_et_pb_use_builder":"on","_et_pb_old_content":"","_et_gb_content_width":"","footnotes":""},"class_list":["post-124","page","type-page","status-publish","hentry"],"_links":{"self":[{"href":"https:\/\/psychotherapiepraxis-kreuzlingen.ch\/index.php?rest_route=\/wp\/v2\/pages\/124","targetHints":{"allow":["GET"]}}],"collection":[{"href":"https:\/\/psychotherapiepraxis-kreuzlingen.ch\/index.php?rest_route=\/wp\/v2\/pages"}],"about":[{"href":"https:\/\/psychotherapiepraxis-kreuzlingen.ch\/index.php?rest_route=\/wp\/v2\/types\/page"}],"author":[{"embeddable":true,"href":"https:\/\/psychotherapiepraxis-kreuzlingen.ch\/index.php?rest_route=\/wp\/v2\/users\/1"}],"replies":[{"embeddable":true,"href":"https:\/\/psychotherapiepraxis-kreuzlingen.ch\/index.php?rest_route=%2Fwp%2Fv2%2Fcomments&post=124"}],"version-history":[{"count":13,"href":"https:\/\/psychotherapiepraxis-kreuzlingen.ch\/index.php?rest_route=\/wp\/v2\/pages\/124\/revisions"}],"predecessor-version":[{"id":24699,"href":"https:\/\/psychotherapiepraxis-kreuzlingen.ch\/index.php?rest_route=\/wp\/v2\/pages\/124\/revisions\/24699"}],"wp:attachment":[{"href":"https:\/\/psychotherapiepraxis-kreuzlingen.ch\/index.php?rest_route=%2Fwp%2Fv2%2Fmedia&parent=124"}],"curies":[{"name":"wp","href":"https:\/\/api.w.org\/{rel}","templated":true}]}}