{"id":24486,"date":"2023-01-02T12:36:25","date_gmt":"2023-01-02T12:36:25","guid":{"rendered":"https:\/\/psychotherapiepraxis-kreuzlingen.ch\/?page_id=24486"},"modified":"2023-01-26T07:35:15","modified_gmt":"2023-01-26T07:35:15","slug":"konditionen-kosten","status":"publish","type":"page","link":"https:\/\/psychotherapiepraxis-kreuzlingen.ch\/?page_id=24486","title":{"rendered":"Konditionen &#038; Kosten"},"content":{"rendered":"<p>[et_pb_section fb_built=&#8220;1&#8243; custom_padding_last_edited=&#8220;on|tablet&#8220; module_class=&#8220;section-2-ps-3&#8243; _builder_version=&#8220;4.18.0&#8243; _module_preset=&#8220;default&#8220; overflow-x=&#8220;hidden&#8220; overflow-y=&#8220;hidden&#8220; custom_margin=&#8220;0px||0px||false|false&#8220; custom_padding=&#8220;80px||0px||false|false&#8220; custom_padding_tablet=&#8220;120px||120px||false|false&#8220; custom_padding_phone=&#8220;90px||90px||false|false&#8220; locked=&#8220;off&#8220; global_colors_info=&#8220;{}&#8220;][et_pb_row column_structure=&#8220;2_3,1_3&#8243; use_custom_gutter=&#8220;on&#8220; gutter_width=&#8220;1&#8243; _builder_version=&#8220;4.18.0&#8243; _module_preset=&#8220;default&#8220; width=&#8220;90%&#8220; max_width=&#8220;1290px&#8220; custom_margin=&#8220;0px||0px||false|false&#8220; custom_padding=&#8220;0px||0px||false|false&#8220; global_colors_info=&#8220;{}&#8220;][et_pb_column type=&#8220;2_3&#8243; _builder_version=&#8220;4.18.0&#8243; _module_preset=&#8220;default&#8220; custom_padding=&#8220;|30px|||false|false&#8220; custom_padding_tablet=&#8220;|0px|||false|false&#8220; custom_padding_phone=&#8220;|0px|||false|false&#8220; custom_padding_last_edited=&#8220;on|tablet&#8220; global_colors_info=&#8220;{}&#8220;][et_pb_text _builder_version=&#8220;4.18.0&#8243; _module_preset=&#8220;default&#8220; header_3_font=&#8220;Manrope|800|||||||&#8220; header_3_text_align=&#8220;left&#8220; header_3_text_color=&#8220;#312b35&#8243; header_3_font_size=&#8220;14px&#8220; header_3_letter_spacing=&#8220;1.8px&#8220; custom_margin=&#8220;0px||8px||false|false&#8220; custom_margin_tablet=&#8220;0px||0px||false|false&#8220; custom_margin_phone=&#8220;0px||0px||false|false&#8220; custom_margin_last_edited=&#8220;off|desktop&#8220; custom_padding=&#8220;0px||0px||false|false&#8220; animation_direction=&#8220;bottom&#8220; global_colors_info=&#8220;{}&#8220;]<\/p>\n<h3>SILVIA POHL<\/h3>\n<p>[\/et_pb_text][et_pb_text _builder_version=&#8220;4.18.0&#8243; _module_preset=&#8220;default&#8220; header_2_font=&#8220;Jost|600|||||||&#8220; header_2_text_align=&#8220;left&#8220; header_2_text_color=&#8220;#312b35&#8243; header_2_font_size=&#8220;53px&#8220; header_2_letter_spacing=&#8220;-1px&#8220; header_2_line_height=&#8220;1.1em&#8220; max_width=&#8220;700px&#8220; custom_margin=&#8220;0px||31px||false|false&#8220; custom_padding=&#8220;0px|0px|0px||false|false&#8220; header_2_font_size_tablet=&#8220;53px&#8220; header_2_font_size_phone=&#8220;30px&#8220; header_2_font_size_last_edited=&#8220;on|phone&#8220; header_2_line_height_tablet=&#8220;1.1em&#8220; header_2_line_height_phone=&#8220;1.2em&#8220; header_2_line_height_last_edited=&#8220;on|phone&#8220; global_colors_info=&#8220;{}&#8220;]<\/p>\n<h2>Konditionen &amp; Kosten<\/h2>\n<p>[\/et_pb_text][\/et_pb_column][et_pb_column type=&#8220;1_3&#8243; _builder_version=&#8220;4.18.0&#8243; _module_preset=&#8220;default&#8220; custom_padding=&#8220;|||30px|false|false&#8220; custom_padding_tablet=&#8220;|||0px|false|false&#8220; custom_padding_phone=&#8220;|||0px|false|false&#8220; custom_padding_last_edited=&#8220;on|tablet&#8220; global_colors_info=&#8220;{}&#8220;][\/et_pb_column][\/et_pb_row][\/et_pb_section][et_pb_section fb_built=&#8220;1&#8243; _builder_version=&#8220;4.18.0&#8243; _module_preset=&#8220;default&#8220; custom_padding=&#8220;2px|||||&#8220; locked=&#8220;off&#8220; global_colors_info=&#8220;{}&#8220;][et_pb_row _builder_version=&#8220;4.18.0&#8243; _module_preset=&#8220;default&#8220; custom_padding=&#8220;||0px|||&#8220; global_colors_info=&#8220;{}&#8220;][et_pb_column type=&#8220;4_4&#8243; _builder_version=&#8220;4.18.0&#8243; _module_preset=&#8220;default&#8220; global_colors_info=&#8220;{}&#8220;][et_pb_text _builder_version=&#8220;4.19.5&#8243; _module_preset=&#8220;default&#8220; hover_enabled=&#8220;0&#8243; global_colors_info=&#8220;{}&#8220; sticky_enabled=&#8220;0&#8243;]<\/p>\n<p><span>Eine Sitzung dauert in der Regel 50 bis 60 Minuten.<\/span><br \/><span>Ich unterstehe dem Berufsgeheimnis und bin an die berufliche Schweigepflicht gebunden.<\/span><\/p>\n<p><u>Kosten:<\/u><br \/><span>Finanzierung \u00fcber die Grundversicherung:<\/span><br \/><span>Psychotherapeutische Behandlungen, denen eine Krankheit zugrunde liegt, werden von der Grundversicherung \u00fcbernommen. Diese werden gem\u00e4ss des vereinbarten Tarifs nach Tarmed verrechnet. Sie ben\u00f6tigen im Vorfeld eine <strong><span style=\"color: #a65d6a;\"><a href=\"https:\/\/psychotherapiepraxis-kreuzlingen.ch\/wp-content\/uploads\/2023\/01\/anordnung_psychologische_psychotherapie_version_1.0_de_0-1.pdf\" target=\"_blank\" rel=\"noopener\" style=\"color: #a65d6a;\">Anordnung f\u00fcr psychologische Psychotherapie von Ihrer Hausarztpraxis oder einer psychiatrischen Praxis<\/a><\/span><\/strong>.\u00a0<\/span><\/p>\n<p><span><\/span><\/p>\n<div>Eigenfinanzierung:<br \/>Falls Sie die Behandlung unabh\u00e4ngig von der Krankenkassen selber finanzieren wollen, betr\u00e4gt das Honorar CHF 180.00\/Stunde, inkl. Vorbereitungs- und Nachbereitungszeit. Allf\u00e4llige Berichte und Kontakte mit Drittstellen werden nach Aufwand verrechnet. Dieser Ansatz gilt auch f\u00fcr Selbsterfahrung, Coaching und Beratung.<\/div>\n<div><\/div>\n<div><\/div>\n<div><\/div>\n<div><\/div>\n<div><\/div>\n<div><\/div>\n<p>[\/et_pb_text][\/et_pb_column][\/et_pb_row][\/et_pb_section]<\/p>\n","protected":false},"excerpt":{"rendered":"<p>SILVIA POHLKonditionen &amp; KostenEine Sitzung dauert in der Regel 50 bis 60 Minuten.Ich unterstehe dem Berufsgeheimnis und bin an die berufliche Schweigepflicht gebunden. Kosten:Finanzierung \u00fcber die Grundversicherung:Psychotherapeutische Behandlungen, denen eine Krankheit zugrunde liegt, werden von der Grundversicherung \u00fcbernommen. Diese werden gem\u00e4ss des vereinbarten Tarifs nach Tarmed verrechnet. Sie ben\u00f6tigen im Vorfeld eine Anordnung f\u00fcr psychologische [&hellip;]<\/p>\n","protected":false},"author":1,"featured_media":0,"parent":0,"menu_order":0,"comment_status":"closed","ping_status":"closed","template":"","meta":{"_et_pb_use_builder":"on","_et_pb_old_content":"","_et_gb_content_width":"","footnotes":""},"class_list":["post-24486","page","type-page","status-publish","hentry"],"_links":{"self":[{"href":"https:\/\/psychotherapiepraxis-kreuzlingen.ch\/index.php?rest_route=\/wp\/v2\/pages\/24486","targetHints":{"allow":["GET"]}}],"collection":[{"href":"https:\/\/psychotherapiepraxis-kreuzlingen.ch\/index.php?rest_route=\/wp\/v2\/pages"}],"about":[{"href":"https:\/\/psychotherapiepraxis-kreuzlingen.ch\/index.php?rest_route=\/wp\/v2\/types\/page"}],"author":[{"embeddable":true,"href":"https:\/\/psychotherapiepraxis-kreuzlingen.ch\/index.php?rest_route=\/wp\/v2\/users\/1"}],"replies":[{"embeddable":true,"href":"https:\/\/psychotherapiepraxis-kreuzlingen.ch\/index.php?rest_route=%2Fwp%2Fv2%2Fcomments&post=24486"}],"version-history":[{"count":19,"href":"https:\/\/psychotherapiepraxis-kreuzlingen.ch\/index.php?rest_route=\/wp\/v2\/pages\/24486\/revisions"}],"predecessor-version":[{"id":24645,"href":"https:\/\/psychotherapiepraxis-kreuzlingen.ch\/index.php?rest_route=\/wp\/v2\/pages\/24486\/revisions\/24645"}],"wp:attachment":[{"href":"https:\/\/psychotherapiepraxis-kreuzlingen.ch\/index.php?rest_route=%2Fwp%2Fv2%2Fmedia&parent=24486"}],"curies":[{"name":"wp","href":"https:\/\/api.w.org\/{rel}","templated":true}]}}